{"id":369,"date":"2026-01-08T09:39:42","date_gmt":"2026-01-08T08:39:42","guid":{"rendered":"http:\/\/s1069379663.onlinehome.fr\/rexa-vitrine\/?page_id=369"},"modified":"2026-01-19T14:18:06","modified_gmt":"2026-01-19T13:18:06","slug":"mentions-legales","status":"publish","type":"page","link":"https:\/\/rexa.fr\/en\/mentions-legales\/","title":{"rendered":"Terms of use"},"content":{"rendered":"<div data-elementor-type=\"wp-page\" data-elementor-id=\"369\" class=\"elementor elementor-369\" data-elementor-post-type=\"page\">\n\t\t\t\t<div class=\"elementor-element elementor-element-a461b1b e-flex e-con-boxed e-con e-parent\" data-id=\"a461b1b\" data-element_type=\"container\" data-e-type=\"container\">\n\t\t\t\t\t<div class=\"e-con-inner\">\n\t\t\t\t<div class=\"elementor-element elementor-element-393c332 elementor-widget elementor-widget-heading\" data-id=\"393c332\" data-element_type=\"widget\" data-e-type=\"widget\" data-widget_type=\"heading.default\">\n\t\t\t\t\t<h2 class=\"elementor-heading-title elementor-size-default\">Terms of use<\/h2>\t\t\t\t<\/div>\n\t\t\t\t<div class=\"elementor-element elementor-element-828b942 elementor-widget__width-inherit elementor-widget elementor-widget-text-editor\" data-id=\"828b942\" data-element_type=\"widget\" data-e-type=\"widget\" data-widget_type=\"text-editor.default\">\n\t\t\t\t\t\t\t\t\t<p><b>1 - GENERAL INFORMATION<\/b><\/p><p>By connecting to this site, the user expressly accepts the terms of use described below.<\/p><p>In accordance with article 6 of French law no. 2004-575 of June 21, 2004 on confidence in the digital economy, users of this site are informed of the identity of the various parties involved in its creation and follow-up.<\/p><p><b>2 - PUBLISHER<\/b><\/p><p>Company name: REXA<\/p><p>Legal form: SARL, limited liability company<\/p><p>Share capital: \u20ac30,000.00<\/p><p>SIRET number: 51794704000039<\/p><p>Head office address: 1 RUE MONGE, 38320 EYBENS<\/p><p>Telephone: 04 76 01 06 78<\/p><p>E-mail: contact@rexa.fr<\/p><p>RCS number: 517 947 040 R.C.S. Grenoble<\/p><p>INTRA-COMMUNITY VAT number: FR72517947040<\/p><p>Represented by : DOGAN Orhan\u00a0<\/p><p>Director of publication: DOGAN Orhan\u00a0<\/p><p><b>3 - HEMBER<\/b><\/p><p>Site host <b>REXA<\/b>\u00a0 is the company <b>Ionos <\/b>whose head office is located at 7 Pl. de la Gare, 57200 Sarreguemines, with telephone number: 09 70 80 89 11<\/p><p><b>4 - DESIGNER<\/b><\/p><p>This site was designed by NIDYANET GRENOBLE<\/p><p>Address: 7 rue Charles P\u00e9guy - 38100 Grenoble<\/p><p>Telephone: 04 76 70 20 84\u00a0<\/p><p>Email : contact@nidyanet.com<\/p><p>Site :<a href=\"https:\/\/nidyanet.com\" target=\"_blank\" rel=\"noopener\"> https:\/\/nidyanet.com<\/a><\/p><p><b>5 - PROTECTION OF PERSONAL DATA<\/b><\/p><p>The Site ensures that the User's personal information is collected and processed in compliance with the French Data Protection Act no. 78-17 of January 6, 1978.<\/p><p>In accordance with the French Data Protection Act of January 6, 1978, Users have the right to access, rectify, delete and oppose their personal data. The User may exercise this right:<\/p><ul><li aria-level=\"1\">by e-mail to contact@rexa.fr<\/li><li aria-level=\"1\">by post to 1 RUE MONGE, 38320 EYBENS\u00a0<\/li><\/ul><p><b><br \/>6 - INTELLECTUAL PROPERTY<\/b><\/p><p>This site and each of its components, including but not limited to logos, icons, computer graphics, photographs and animations, are the exclusive property of the company, with the exception of content belonging to other partners or authors.\u00a0<\/p><p>As such, all the aforementioned elements are protected under international intellectual property law.\u00a0<\/p><p>Any use, reproduction, distribution, marketing, modification, adaptation, retransmission, representation or publication, by any process whatsoever, and on any medium whatsoever, of all or part of the site and\/or its component parts is strictly prohibited without the express written consent of <b>REXA.<\/b> Failure to comply with this prohibition may result in legal action and prosecution as provided for in the French Intellectual Property Code and the French Civil Code.<\/p><p>Failure to comply with this prohibition constitutes counterfeiting, which may give rise to civil and criminal liability on the part of the counterfeiter.<\/p><p><b>7 - LIABILITY<\/b><\/p><p><b>REXA<\/b> makes every effort to ensure that the information published on the Site is accurate and up-to-date, but reserves the right to modify the content at any time without notice.<\/p><p>However, <b>REXA<\/b> cannot guarantee the accuracy, precision or completeness of the information published on the Site and cannot therefore be held liable:\u00a0<\/p><ul><li aria-level=\"1\">any inaccuracy, imprecision or omission of information, whether total or partial<\/li><li aria-level=\"1\">any damage resulting from computer intrusion by a third party leading to modification of said information<\/li><li aria-level=\"1\">more generally, any damage, direct or indirect, whatever the cause, origin, nature or consequences, related to access (or the impossibility of accessing the Site), content, use of the Site and\/or credit given to any information from the latter<\/li><\/ul><p>In addition, the user of the site undertakes to access the site using recent, virus-free equipment and with a last-generation, up-to-date browser.<\/p><p>The hypertext links set up within the framework of the present website leading to other resources present on the Internet network shall not incur the liability of <b>REXA.<\/b><\/p><p><b><br \/><\/b><b>8 - DISPUTES<\/b><\/p><p>The terms and conditions of this site are governed by French law. Any disputes arising from the interpretation or execution of these terms and conditions shall be submitted to the exclusive jurisdiction of the courts having jurisdiction over the company's registered office.<\/p><p>In addition, the reference language for the settlement of any disputes is French.<\/p>\t\t\t\t\t\t\t\t<\/div>\n\t\t\t\t\t<\/div>\n\t\t\t\t<\/div>\n\t\t\t\t<\/div>","protected":false},"excerpt":{"rendered":"<p>Mentions l\u00e9gales 1 \u2013 INFORMATIONS G\u00c9N\u00c9RALES En se connectant au pr\u00e9sent site, l\u2019utilisateur accepte express\u00e9ment ses modalit\u00e9s d\u2019utilisation d\u00e9crites ci-apr\u00e8s. En vertu de l\u2019article 6 de la loi n\u00b0 2004-575 du 21 juin 2004 pour la confiance dans l\u2019\u00e9conomie num\u00e9rique, il est pr\u00e9cis\u00e9 aux utilisateurs du pr\u00e9sent site l\u2019identit\u00e9 des diff\u00e9rents intervenants dans le cadre [&hellip;]<\/p>\n","protected":false},"author":1,"featured_media":0,"parent":0,"menu_order":0,"comment_status":"closed","ping_status":"closed","template":"","meta":{"footnotes":""},"class_list":["post-369","page","type-page","status-publish","hentry"],"_links":{"self":[{"href":"https:\/\/rexa.fr\/en\/wp-json\/wp\/v2\/pages\/369","targetHints":{"allow":["GET"]}}],"collection":[{"href":"https:\/\/rexa.fr\/en\/wp-json\/wp\/v2\/pages"}],"about":[{"href":"https:\/\/rexa.fr\/en\/wp-json\/wp\/v2\/types\/page"}],"author":[{"embeddable":true,"href":"https:\/\/rexa.fr\/en\/wp-json\/wp\/v2\/users\/1"}],"replies":[{"embeddable":true,"href":"https:\/\/rexa.fr\/en\/wp-json\/wp\/v2\/comments?post=369"}],"version-history":[{"count":3,"href":"https:\/\/rexa.fr\/en\/wp-json\/wp\/v2\/pages\/369\/revisions"}],"predecessor-version":[{"id":735,"href":"https:\/\/rexa.fr\/en\/wp-json\/wp\/v2\/pages\/369\/revisions\/735"}],"wp:attachment":[{"href":"https:\/\/rexa.fr\/en\/wp-json\/wp\/v2\/media?parent=369"}],"curies":[{"name":"wp","href":"https:\/\/api.w.org\/{rel}","templated":true}]}}